{"id":373,"date":"2023-08-09T05:43:53","date_gmt":"2023-08-09T05:43:53","guid":{"rendered":"https:\/\/relaxed-mendeleev.194-56-190-69.plesk.page\/?page_id=373"},"modified":"2023-08-10T09:20:12","modified_gmt":"2023-08-10T09:20:12","slug":"impressum-2","status":"publish","type":"page","link":"https:\/\/www.omnia-spa.at\/index.php\/impressum-2\/","title":{"rendered":"Impressum"},"content":{"rendered":"\t\t<div data-elementor-type=\"wp-page\" data-elementor-id=\"373\" class=\"elementor elementor-373\" data-elementor-post-type=\"page\">\n\t\t\t\t<div class=\"elementor-element elementor-element-6e45cdb e-flex e-con-boxed e-con e-parent\" data-id=\"6e45cdb\" data-element_type=\"container\" data-e-type=\"container\">\n\t\t\t\t\t<div class=\"e-con-inner\">\n\t\t\t\t<div class=\"elementor-element elementor-element-a06afb6 elementor-widget elementor-widget-text-editor\" data-id=\"a06afb6\" data-element_type=\"widget\" data-e-type=\"widget\" data-widget_type=\"text-editor.default\">\n\t\t\t\t<div class=\"elementor-widget-container\">\n\t\t\t\t\t\t\t\t\t<h3>omnia e.U.<\/h3>\n<h5>Informationspflicht laut \u00a75 E-Commerce Gesetz, \u00a714 Unternehmensgesetzbuch, \u00a763 Gewerbeordnung und Offenlegungspflicht laut \u00a725 Mediengesetz.<\/h5>\n<h6 style=\"display: inline-block;\">Unternehmensgegenstand:<\/h6>\n<p style=\"display: inline-block;\">Handel mit technischen Produkten und Bedarf<\/p>\n<\/br>\n<h6 style=\"display: inline-block;\">Firmensitz:<\/h6>\n<p style=\"display: inline-block;\">Strassfeld 10, 3441 Freundorf<\/p>\n<\/br>\n<h6 style=\"display: inline-block;\">Tel.:<\/h6>\n<p style=\"display: inline-block;\">+43 664 411 31 40<\/p>\n<\/br>\n<h6 style=\"display: inline-block;\">E-Mail:<\/h6>\n<p style=\"display: inline-block;\">office@omnia-spa.at<\/p>\n<\/br>\n<h6 style=\"display: inline-block;\">UID-Nummer:<\/h6>\n<p style=\"display: inline-block;\">ATU73134707<\/p>\n<\/br>\n<h6 style=\"display: inline-block;\">Firmenbuchnummer:<\/h6>\n<p style=\"display: inline-block;\">FN 487853 g<\/p>\n<\/br>\n<h6 style=\"display: inline-block;\">Firmenbuchgericht:<\/h6>\n<p style=\"display: inline-block;\">Landesgericht St. P\u00f6lten<\/p>\n<\/br>\n<h6 style=\"display: inline-block;\">Mitglied bei:<\/h6>\n<p style=\"display: inline-block;\">WKO, Mitglied der WK N\u00d6 Fachgruppe \/ Berufszweig Maschinen- und Technologiehandel<\/p>\n<\/br>\n<h6 style=\"display: inline-block;\">Berufsrecht:<\/h6>\n<p style=\"display: inline-block;\">Gewerbeordnung:<a href=\"https:\/\/www.ris.bka.gv.at\/\" target=\"_blank\" rel=\"noopener\">www.ris.bka.gv.at<\/a><\/p>\n<\/br>\n<h6 style=\"display: inline-block;\">Aufsichtsbeh\u00f6rde\/Gewerbebeh\u00f6rde:<\/h6>\n<p style=\"display: inline-block;\">Bezirkshauptmannschaft Tulln<\/p>\n<\/br>\n<h6 style=\"display: inline-block;\">Berufsbezeichnung:<\/h6>\n<p style=\"display: inline-block;\">Verkauf<\/p>\n<\/br>\n<h6 style=\"display: inline-block;\">Verleihungsstaat:<\/h6>\n<p style=\"display: inline-block;\">\u00d6sterreich<\/p>\n<\/br>\n<h4>EU-Streitschlichtung<\/h4>\nGem\u00e4\u00df Verordnung \u00fcber Online-Streitbeilegung in Verbraucherangelegenheiten (ODR-Verordnung) m\u00f6chten wir Sie \u00fcber die Online-Streitbeilegungsplattform (OS-Plattform) informieren. Verbraucher haben die M\u00f6glichkeit, Beschwerden an die Online Streitbeilegungsplattform der Europ\u00e4ischen Kommission unter <a href=\"https:\/\/ec.europa.eu\/consumers\/odr\/main\/index.cfm?event=main.home2.show&amp;lng=DE\">http:\/\/ec.europa.eu\/odr?tid=221099492<\/a> zu richten. Die daf\u00fcr notwendigen Kontaktdaten finden Sie oberhalb in unserem Impressum.\nWir m\u00f6chten Sie jedoch darauf hinweisen, dass wir nicht bereit oder verpflichtet sind, an Streitbeilegungsverfahren vor einer Verbraucherschlichtungsstelle teilzunehmen.\n<h4>Haftung f\u00fcr Inhalte dieser Webseite<\/h4>\nWir entwickeln die Inhalte dieser Website st\u00e4ndig weiter und bem\u00fchen uns korrekte und aktuelle Informationen bereitzustellen. Leider k\u00f6nnen wir keine Haftung f\u00fcr die Korrektheit aller Inhalte auf dieser Website \u00fcbernehmen, speziell f\u00fcr jene, die seitens Dritter bereitgestellt wurden. Als Diensteanbieter sind wir nicht verpflichtet, die von Ihnen \u00fcbermittelten oder gespeicherten Informationen zu \u00fcberwachen oder nach Umst\u00e4nden zu forschen, die auf eine rechtswidrige T\u00e4tigkeit hinweisen.\nUnsere Verpflichtungen zur Entfernung von Informationen oder zur Sperrung der Nutzung von Informationen nach den allgemeinen Gesetzen aufgrund von gerichtlichen oder beh\u00f6rdlichen Anordnungen bleiben auch im Falle unserer Nichtverantwortlichkeit davon unber\u00fchrt.\nSollten Ihnen problematische oder rechtswidrige Inhalte auffallen, bitte wir Sie uns umgehend zu kontaktieren, damit wir die rechtswidrigen Inhalte entfernen k\u00f6nnen. Sie finden die Kontaktdaten im Impressum.\n<h4>Haftung f\u00fcr Links auf dieser Webseite<\/h4>\n\/Unsere Website enth\u00e4lt Links zu anderen Websites f\u00fcr deren Inhalt wir nicht verantwortlich sind. Haftung f\u00fcr verlinkte Websites besteht f\u00fcr uns nicht, da wir keine Kenntnis rechtswidriger T\u00e4tigkeiten hatten und haben, uns solche Rechtswidrigkeiten auch bisher nicht aufgefallen sind und wir Links sofort entfernen w\u00fcrden, wenn uns Rechtswidrigkeiten bekannt werden.\nWenn Ihnen rechtswidrige Links auf unserer Website auffallen, bitte wir Sie uns zu kontaktieren. Sie finden die Kontaktdaten im Impressum.\n<h4>Urheberrechtshinweis<\/h4>\nAlle Inhalte dieser Webseite (Bilder, Fotos, Texte, Videos) unterliegen dem Urheberrecht. Bitte fragen Sie uns bevor Sie die Inhalte dieser Website verbreiten, vervielf\u00e4ltigen oder verwerten wie zum Beispiel auf anderen Websites erneut ver\u00f6ffentlichen. Falls notwendig, werden wir die unerlaubte Nutzung von Teilen der Inhalte unserer Seite rechtlich verfolgen.\n<h4>Bildernachweis<\/h4>\nDie Bilder, Fotos und Grafiken auf dieser Webseite sind urheberrechtlich gesch\u00fctzt.\nDie Bilderrechte liegen bei:\npixabay und omina e.U.\nQuelle: Erstellt\u00a0mit dem <a href=\"https:\/\/www.firmenwebseiten.at\/impressum-generator\/\">Impressum Generator von firmenwebseiten.at<\/a>\t\t\t\t\t\t\t\t<\/div>\n\t\t\t\t<\/div>\n\t\t\t\t\t<\/div>\n\t\t\t\t<\/div>\n\t\t\t\t<\/div>\n\t\t","protected":false},"excerpt":{"rendered":"<p>omnia e.U. Informationspflicht laut \u00a75 E-Commerce Gesetz, \u00a714 Unternehmensgesetzbuch, \u00a763 Gewerbeordnung und Offenlegungspflicht laut \u00a725 Mediengesetz. Unternehmensgegenstand: Handel mit technischen Produkten und Bedarf Firmensitz: Strassfeld 10, 3441 Freundorf Tel.: +43 664 411 31 40 E-Mail: office@omnia-spa.at UID-Nummer: ATU73134707 Firmenbuchnummer: FN 487853 g Firmenbuchgericht: Landesgericht St. P\u00f6lten Mitglied bei: WKO, Mitglied der WK N\u00d6 Fachgruppe \/ [&hellip;]<\/p>\n","protected":false},"author":1,"featured_media":0,"parent":0,"menu_order":0,"comment_status":"closed","ping_status":"closed","template":"","meta":{"footnotes":""},"class_list":["post-373","page","type-page","status-publish","hentry"],"_links":{"self":[{"href":"https:\/\/www.omnia-spa.at\/index.php\/wp-json\/wp\/v2\/pages\/373","targetHints":{"allow":["GET"]}}],"collection":[{"href":"https:\/\/www.omnia-spa.at\/index.php\/wp-json\/wp\/v2\/pages"}],"about":[{"href":"https:\/\/www.omnia-spa.at\/index.php\/wp-json\/wp\/v2\/types\/page"}],"author":[{"embeddable":true,"href":"https:\/\/www.omnia-spa.at\/index.php\/wp-json\/wp\/v2\/users\/1"}],"replies":[{"embeddable":true,"href":"https:\/\/www.omnia-spa.at\/index.php\/wp-json\/wp\/v2\/comments?post=373"}],"version-history":[{"count":7,"href":"https:\/\/www.omnia-spa.at\/index.php\/wp-json\/wp\/v2\/pages\/373\/revisions"}],"predecessor-version":[{"id":541,"href":"https:\/\/www.omnia-spa.at\/index.php\/wp-json\/wp\/v2\/pages\/373\/revisions\/541"}],"wp:attachment":[{"href":"https:\/\/www.omnia-spa.at\/index.php\/wp-json\/wp\/v2\/media?parent=373"}],"curies":[{"name":"wp","href":"https:\/\/api.w.org\/{rel}","templated":true}]}}